{"id":12,"date":"2021-10-19T17:04:27","date_gmt":"2021-10-19T17:04:27","guid":{"rendered":"https:\/\/listinghive.hivepress.io\/?page_id=12"},"modified":"2024-01-24T14:20:22","modified_gmt":"2024-01-24T13:20:22","slug":"listings","status":"publish","type":"page","link":"https:\/\/belesara.com\/?page_id=12","title":{"rendered":"Annonces R\u00e9centes"},"content":{"rendered":" <div class=\"hp-listings hp-block hp-grid\"><div class=\"hp-row\"><div class=\"hp-grid__item hp-col-sm-3 hp-col-xs-12\"><article class=\"hp-listing hp-listing--view-block hp-listing--featured hp-listing--verified\"><header class=\"hp-listing__header\">\t<div class=\"hp-listing__featured-badge hp-listing__featured\" title=\"Mise en avant\">\n\t\t<i class=\"hp-icon fas fa-star\"><\/i>\n\t<\/div>\n\t<div class=\"hp-listing__image\" data-component=\"carousel-slider\" data-preview=\"false\" data-url=\"https:\/\/belesara.com\/?hp_listing=atelier-decouverte-entrepreneuriat-de-6-a-16-ans\">\n\t\t\t<a href=\"https:\/\/belesara.com\/?hp_listing=atelier-decouverte-entrepreneuriat-de-6-a-16-ans\">\n\t\t\t\t\t\t\t<img decoding=\"async\" src=\"https:\/\/belesara.com\/wp-content\/uploads\/2024\/06\/DOC-20240612-WA0033-400x300.jpg\" alt=\"Atelier d\u00e9couverte Entrepreneuriat (de 6 \u00e0 16 ans)\" loading=\"lazy\">\n\t\t\t\t\t<\/a>\n\t<\/div>\n<\/header><div class=\"hp-listing__content\">\t<div class=\"hp-listing__categories hp-listing__category\">\n\t\t\t\t\t<a href=\"https:\/\/belesara.com\/?hp_listing_category=etudes\">Formation<\/a>\n\t\t\t<\/div>\n\t<h4 class=\"hp-listing__title\"><a href=\"https:\/\/belesara.com\/?hp_listing=atelier-decouverte-entrepreneuriat-de-6-a-16-ans\">Atelier d\u00e9couverte Entrepreneuriat (de 6 \u00e0 16 ans)<\/a>\n\t<i class=\"hp-listing__verified-badge hp-listing__verified hp-icon fas fa-check-circle\" title=\"Valid\u00e9e\"><\/i>\n\t<\/h4><div class=\"hp-listing__details hp-listing__details--primary\">\t<div class=\"hp-listing__location\">\n\t\t<i class=\"hp-icon fas fa-map-marker-alt\"><\/i>\n\t\t\t\t\t<a href=\"https:\/\/www.google.com\/maps\/search\/?api=1&#038;query=0.407797,9.440283\" target=\"_blank\">Libreville, Gabon<\/a>\n\t\t\t<\/div>\n\t<time class=\"hp-listing__created-date hp-listing__date hp-meta\" datetime=\"2024-07-13 12:30:42\">\n\tAjout\u00e9 le 13 juillet 2024<\/time>\n\t<div class=\"hp-listing__rating hp-rating\">\n\t\t<div class=\"hp-rating__stars hp-rating-stars\" data-component=\"rating\" data-value=\"5\"><\/div>\n\t\t<a href=\"https:\/\/belesara.com\/?hp_listing=atelier-decouverte-entrepreneuriat-de-6-a-16-ans#reviews\" class=\"hp-rating__details\">\n\t\t\t<span class=\"hp-rating__value\">5,0<\/span>\n\t\t\t<span class=\"hp-rating__count\">(1)<\/span>\n\t\t<\/a>\n\t<\/div>\n\t<\/div><div class=\"hp-block hp-listing__attributes hp-listing__attributes--secondary\"><div class=\"hp-row\"><div class=\"hp-col-lg-6 hp-col-xs-12\"><div class=\"hp-listing__attribute hp-listing__attribute--secteur\"><strong>Secteur d&rsquo;activit\u00e9<\/strong>: Etudes et conseils<\/div><\/div><div class=\"hp-col-lg-6 hp-col-xs-12\"><div class=\"hp-listing__attribute hp-listing__attribute--lieu\"><strong>Lieu de l&rsquo;activit\u00e9<\/strong>: Sur Site<\/div><\/div><div class=\"hp-col-lg-6 hp-col-xs-12\"><div class=\"hp-listing__attribute hp-listing__attribute--niveau\"><strong>Niveau Requis<\/strong> : none<\/div><\/div><\/div><\/div><\/div><footer class=\"hp-listing__footer\"><div class=\"hp-block hp-listing__attributes hp-listing__attributes--primary\"><div class=\"hp-listing__attribute hp-listing__attribute--certifiante\"><strong>Formation Certifiante<\/strong> : Non<\/div><\/div><div class=\"hp-listing__actions hp-listing__actions--primary\"><a href=\"#user_login_modal\" title=\"R\u00e9pondre \u00e0 l\u2019annonce\" class=\"hp-listing__action hp-listing__action--message\"><i class=\"hp-icon fas fa-comment\"><\/i><\/a>\n<a class=\"hp-listing__action hp-listing__action--favorite\" href=\"#user_login_modal\"><i class=\"hp-icon fas fa-heart\"><\/i><\/a><\/div><\/footer><\/article><\/div><div class=\"hp-grid__item hp-col-sm-3 hp-col-xs-12\"><article class=\"hp-listing hp-listing--view-block hp-listing--featured hp-listing--verified\"><header class=\"hp-listing__header\">\t<div class=\"hp-listing__featured-badge hp-listing__featured\" title=\"Mise en avant\">\n\t\t<i class=\"hp-icon fas fa-star\"><\/i>\n\t<\/div>\n\t<div class=\"hp-listing__image\" data-component=\"carousel-slider\" data-preview=\"false\" data-url=\"https:\/\/belesara.com\/?hp_listing=suivre-votre-activite-a-distance-by-smb\">\n\t\t\t<a href=\"https:\/\/belesara.com\/?hp_listing=suivre-votre-activite-a-distance-by-smb\">\n\t\t\t\t\t\t\t<img decoding=\"async\" src=\"https:\/\/belesara.com\/wp-content\/uploads\/2024\/03\/Gouvernail-et-Compas-pour-SMB-400x300.png\" alt=\"Suivre votre activit\u00e9 \u00e0 distance by SMB\" loading=\"lazy\">\n\t\t\t\t\t<\/a>\n\t<\/div>\n<\/header><div class=\"hp-listing__content\">\t<div class=\"hp-listing__categories hp-listing__category\">\n\t\t\t\t\t<a href=\"https:\/\/belesara.com\/?hp_listing_category=communication\">Communication<\/a>\n\t\t\t<\/div>\n\t<h4 class=\"hp-listing__title\"><a href=\"https:\/\/belesara.com\/?hp_listing=suivre-votre-activite-a-distance-by-smb\">Suivre votre activit\u00e9 \u00e0 distance by SMB<\/a>\n\t<i class=\"hp-listing__verified-badge hp-listing__verified hp-icon fas fa-check-circle\" title=\"Valid\u00e9e\"><\/i>\n\t<\/h4><div class=\"hp-listing__details hp-listing__details--primary\">\t<div class=\"hp-listing__location\">\n\t\t<i class=\"hp-icon fas fa-map-marker-alt\"><\/i>\n\t\t\t\t\t<a href=\"https:\/\/www.google.com\/maps\/search\/?api=1&#038;query=0.407797,9.440283\" target=\"_blank\">Libreville, Gabon<\/a>\n\t\t\t<\/div>\n\t<time class=\"hp-listing__created-date hp-listing__date hp-meta\" datetime=\"2024-03-04 15:26:24\">\n\tAjout\u00e9 le 4 mars 2024<\/time>\n<\/div><div class=\"hp-block hp-listing__attributes hp-listing__attributes--secondary\"><div class=\"hp-row\"><div class=\"hp-col-lg-6 hp-col-xs-12\"><div class=\"hp-listing__attribute hp-listing__attribute--lieu\"><strong>Lieu de l&rsquo;activit\u00e9<\/strong>: \u00e0 distance (t\u00e9l\u00e9travail \/ en ligne), \u00e0 domicile (chez le client), Sur Site<\/div><\/div><\/div><\/div><\/div><footer class=\"hp-listing__footer\"><div class=\"hp-block hp-listing__attributes hp-listing__attributes--primary\"><div class=\"hp-listing__attribute hp-listing__attribute--hourly-rate\">3\u00a0800 XAF \/ heure<\/div><\/div><div class=\"hp-listing__actions hp-listing__actions--primary\"><a href=\"#user_login_modal\" title=\"R\u00e9pondre \u00e0 l\u2019annonce\" class=\"hp-listing__action hp-listing__action--message\"><i class=\"hp-icon fas fa-comment\"><\/i><\/a>\n<a class=\"hp-listing__action hp-listing__action--favorite\" href=\"#user_login_modal\"><i class=\"hp-icon fas fa-heart\"><\/i><\/a><\/div><\/footer><\/article><\/div><div class=\"hp-grid__item hp-col-sm-3 hp-col-xs-12\"><article class=\"hp-listing hp-listing--view-block hp-listing--verified\"><header class=\"hp-listing__header\"><div class=\"hp-listing__image\" data-component=\"carousel-slider\" data-preview=\"false\" data-url=\"https:\/\/belesara.com\/?hp_listing=assistante-polyvalente-bilingue\">\n\t\t\t<a href=\"https:\/\/belesara.com\/?hp_listing=assistante-polyvalente-bilingue\">\n\t\t\t\t\t\t\t<img decoding=\"async\" src=\"https:\/\/belesara.com\/wp-content\/uploads\/2024\/03\/Assistante-Visuel_EBCW-277x300.png\" alt=\"Assistante Polyvalente bilingue\" loading=\"lazy\">\n\t\t\t\t\t<\/a>\n\t<\/div>\n<\/header><div class=\"hp-listing__content\">\t<div class=\"hp-listing__categories hp-listing__category\">\n\t\t\t\t\t<a href=\"https:\/\/belesara.com\/?hp_listing_category=non_permanente\">Main d&#039;\u0153uvre non permanente<\/a>\n\t\t\t<\/div>\n\t<h4 class=\"hp-listing__title\"><a href=\"https:\/\/belesara.com\/?hp_listing=assistante-polyvalente-bilingue\">Assistante Polyvalente bilingue<\/a>\n\t<i class=\"hp-listing__verified-badge hp-listing__verified hp-icon fas fa-check-circle\" title=\"Valid\u00e9e\"><\/i>\n\t<\/h4><div class=\"hp-listing__details hp-listing__details--primary\">\t<div class=\"hp-listing__location\">\n\t\t<i class=\"hp-icon fas fa-map-marker-alt\"><\/i>\n\t\t\t\t\t<a href=\"https:\/\/www.google.com\/maps\/search\/?api=1&#038;query=0.407797,9.440283\" target=\"_blank\">Libreville, Gabon<\/a>\n\t\t\t<\/div>\n\t<time class=\"hp-listing__created-date hp-listing__date hp-meta\" datetime=\"2024-03-04 15:24:51\">\n\tAjout\u00e9 le 4 mars 2024<\/time>\n<\/div><div class=\"hp-block hp-listing__attributes hp-listing__attributes--secondary\"><div class=\"hp-row\"><div class=\"hp-col-lg-6 hp-col-xs-12\"><div class=\"hp-listing__attribute hp-listing__attribute--secteur\"><strong>Secteur d&rsquo;activit\u00e9<\/strong>: Etudes et conseils<\/div><\/div><div class=\"hp-col-lg-6 hp-col-xs-12\"><div class=\"hp-listing__attribute hp-listing__attribute--lieu\"><strong>Lieu de l&rsquo;activit\u00e9<\/strong>: \u00e0 distance (t\u00e9l\u00e9travail \/ en ligne), \u00e0 domicile (chez le client), Sur Site<\/div><\/div><\/div><\/div><\/div><footer class=\"hp-listing__footer\"><div class=\"hp-listing__actions hp-listing__actions--primary\"><a href=\"#user_login_modal\" title=\"R\u00e9pondre \u00e0 l\u2019annonce\" class=\"hp-listing__action hp-listing__action--message\"><i class=\"hp-icon fas fa-comment\"><\/i><\/a>\n<a class=\"hp-listing__action hp-listing__action--favorite\" href=\"#user_login_modal\"><i class=\"hp-icon fas fa-heart\"><\/i><\/a><\/div><\/footer><\/article><\/div><div class=\"hp-grid__item hp-col-sm-3 hp-col-xs-12\"><article class=\"hp-listing hp-listing--view-block hp-listing--verified\"><header class=\"hp-listing__header\"><div class=\"hp-listing__image\" data-component=\"carousel-slider\" data-preview=\"false\" data-url=\"https:\/\/belesara.com\/?hp_listing=location-espaces-de-travail-partages\">\n\t\t\t<a href=\"https:\/\/belesara.com\/?hp_listing=location-espaces-de-travail-partages\">\n\t\t\t\t\t\t\t<img decoding=\"async\" src=\"https:\/\/belesara.com\/wp-content\/uploads\/2024\/02\/WhatsApp-Image-2024-03-04-at-11.29.47-2-400x300.jpeg\" alt=\"Location espaces de travail partag\u00e9s\" loading=\"lazy\">\n\t\t\t\t\t<\/a>\n\t<\/div>\n<\/header><div class=\"hp-listing__content\">\t<div class=\"hp-listing__categories hp-listing__category\">\n\t\t\t\t\t<a href=\"https:\/\/belesara.com\/?hp_listing_category=bureaux\">Bureaux<\/a>\n\t\t\t<\/div>\n\t<h4 class=\"hp-listing__title\"><a href=\"https:\/\/belesara.com\/?hp_listing=location-espaces-de-travail-partages\">Location espaces de travail partag\u00e9s<\/a>\n\t<i class=\"hp-listing__verified-badge hp-listing__verified hp-icon fas fa-check-circle\" title=\"Valid\u00e9e\"><\/i>\n\t<\/h4><div class=\"hp-listing__details hp-listing__details--primary\">\t<div class=\"hp-listing__location\">\n\t\t<i class=\"hp-icon fas fa-map-marker-alt\"><\/i>\n\t\t\t\t\t<a href=\"https:\/\/www.google.com\/maps\/search\/?api=1&#038;query=0.407797,9.440283\" target=\"_blank\">Libreville, Gabon<\/a>\n\t\t\t<\/div>\n\t<time class=\"hp-listing__created-date hp-listing__date hp-meta\" datetime=\"2024-02-29 18:46:55\">\n\tAjout\u00e9 le 29 f\u00e9vrier 2024<\/time>\n<\/div><div class=\"hp-block hp-listing__attributes hp-listing__attributes--secondary\"><div class=\"hp-row\"><div class=\"hp-col-lg-6 hp-col-xs-12\"><div class=\"hp-listing__attribute hp-listing__attribute--nbr-pieces\"><strong>nbr de pi\u00e8ces<\/strong>: 8 et plus<\/div><\/div><div class=\"hp-col-lg-6 hp-col-xs-12\"><div class=\"hp-listing__attribute hp-listing__attribute--colocation\"><strong>Dur\u00e9e de Location<\/strong>: Long s\u00e9jour (location\/mois)<\/div><\/div><div class=\"hp-col-lg-6 hp-col-xs-12\"><div class=\"hp-listing__attribute hp-listing__attribute--ameublement\"><strong>Ameublement<\/strong>: Meubl\u00e9<\/div><\/div><div class=\"hp-col-lg-6 hp-col-xs-12\"><div class=\"hp-listing__attribute hp-listing__attribute--sq-footage\"><strong>Superficie (en m\u00b2)<\/strong>: 45<\/div><\/div><\/div><\/div><\/div><footer class=\"hp-listing__footer\"><div class=\"hp-block hp-listing__attributes hp-listing__attributes--primary\"><div class=\"hp-listing__attribute hp-listing__attribute--price\">80\u00a0000XAF<\/div><div class=\"hp-listing__attribute hp-listing__attribute--rent\">Louer<\/div><\/div><div class=\"hp-listing__actions hp-listing__actions--primary\"><a href=\"#user_login_modal\" title=\"R\u00e9pondre \u00e0 l\u2019annonce\" class=\"hp-listing__action hp-listing__action--message\"><i class=\"hp-icon fas fa-comment\"><\/i><\/a>\n<a class=\"hp-listing__action hp-listing__action--favorite\" href=\"#user_login_modal\"><i class=\"hp-icon fas fa-heart\"><\/i><\/a><\/div><\/footer><\/article><\/div><div class=\"hp-grid__item hp-col-sm-3 hp-col-xs-12\"><article class=\"hp-listing hp-listing--view-block hp-listing--featured hp-listing--verified\"><header class=\"hp-listing__header\">\t<div class=\"hp-listing__featured-badge hp-listing__featured\" title=\"Mise en avant\">\n\t\t<i class=\"hp-icon fas fa-star\"><\/i>\n\t<\/div>\n\t<div class=\"hp-listing__image\" data-component=\"carousel-slider\" data-preview=\"false\" data-url=\"https:\/\/belesara.com\/?hp_listing=annonce-demo-appartement-spacieux-aux-charbonnages\">\n\t\t\t<a href=\"https:\/\/belesara.com\/?hp_listing=annonce-demo-appartement-spacieux-aux-charbonnages\">\n\t\t\t\t\t\t\t<img decoding=\"async\" src=\"https:\/\/belesara.com\/wp-content\/uploads\/2024\/02\/appart-exemple-2-400x300.png\" alt=\"[Annonce D\u00e9mo] Appartement spacieux aux Charbonnages\" loading=\"lazy\">\n\t\t\t\t\t<\/a>\n\t<\/div>\n<\/header><div class=\"hp-listing__content\">\t<div class=\"hp-listing__categories hp-listing__category\">\n\t\t\t\t\t<a href=\"https:\/\/belesara.com\/?hp_listing_category=appartement\">Appartement<\/a>\n\t\t\t<\/div>\n\t<h4 class=\"hp-listing__title\"><a href=\"https:\/\/belesara.com\/?hp_listing=annonce-demo-appartement-spacieux-aux-charbonnages\">[Annonce D\u00e9mo] Appartement spacieux aux Charbonnages<\/a>\n\t<i class=\"hp-listing__verified-badge hp-listing__verified hp-icon fas fa-check-circle\" title=\"Valid\u00e9e\"><\/i>\n\t<\/h4><div class=\"hp-listing__details hp-listing__details--primary\">\t<div class=\"hp-listing__location\">\n\t\t<i class=\"hp-icon fas fa-map-marker-alt\"><\/i>\n\t\t\t\t\t<a href=\"https:\/\/www.google.com\/maps\/search\/?api=1&#038;query=0.446456,9.447822\" target=\"_blank\">Charbonnages, Libreville, Gabon<\/a>\n\t\t\t<\/div>\n\t<time class=\"hp-listing__created-date hp-listing__date hp-meta\" datetime=\"2024-02-27 14:02:44\">\n\tAjout\u00e9 le 27 f\u00e9vrier 2024<\/time>\n<\/div><div class=\"hp-block hp-listing__attributes hp-listing__attributes--secondary\"><div class=\"hp-row\"><div class=\"hp-col-lg-6 hp-col-xs-12\"><div class=\"hp-listing__attribute hp-listing__attribute--nbr-pieces\"><strong>nbr de pi\u00e8ces<\/strong>: 4<\/div><\/div><div class=\"hp-col-lg-6 hp-col-xs-12\"><div class=\"hp-listing__attribute hp-listing__attribute--colocation\"><strong>Dur\u00e9e de Location<\/strong>: Long s\u00e9jour (location\/mois)<\/div><\/div><div class=\"hp-col-lg-6 hp-col-xs-12\"><div class=\"hp-listing__attribute hp-listing__attribute--ameublement\"><strong>Ameublement<\/strong>: Meubl\u00e9<\/div><\/div><div class=\"hp-col-lg-6 hp-col-xs-12\"><div class=\"hp-listing__attribute hp-listing__attribute--sq-footage\"><strong>Superficie (en m\u00b2)<\/strong>: 76<\/div><\/div><\/div><\/div><\/div><footer class=\"hp-listing__footer\"><div class=\"hp-block hp-listing__attributes hp-listing__attributes--primary\"><div class=\"hp-listing__attribute hp-listing__attribute--price\">500\u00a0000XAF<\/div><div class=\"hp-listing__attribute hp-listing__attribute--rent\">Louer<\/div><\/div><div class=\"hp-listing__actions hp-listing__actions--primary\"><a href=\"#user_login_modal\" title=\"R\u00e9pondre \u00e0 l\u2019annonce\" class=\"hp-listing__action hp-listing__action--message\"><i class=\"hp-icon fas fa-comment\"><\/i><\/a>\n<a class=\"hp-listing__action hp-listing__action--favorite\" href=\"#user_login_modal\"><i class=\"hp-icon fas fa-heart\"><\/i><\/a><\/div><\/footer><\/article><\/div><\/div><\/div>","protected":false},"excerpt":{"rendered":"","protected":false},"author":1,"featured_media":108,"parent":0,"menu_order":0,"comment_status":"closed","ping_status":"closed","template":"","meta":{"footnotes":""},"yoast_head":"<!-- This site is optimized with the Yoast SEO plugin v23.0 - https:\/\/yoast.com\/wordpress\/plugins\/seo\/ -->\n<title>Annonces R\u00e9centes - belesara.com<\/title>\n<meta name=\"robots\" content=\"index, follow, max-snippet:-1, max-image-preview:large, max-video-preview:-1\" \/>\n<link rel=\"canonical\" href=\"https:\/\/belesara.com\/?page_id=12\" \/>\n<meta property=\"og:locale\" content=\"fr_FR\" \/>\n<meta property=\"og:type\" content=\"article\" \/>\n<meta property=\"og:title\" content=\"Annonces R\u00e9centes - belesara.com\" \/>\n<meta property=\"og:url\" content=\"https:\/\/belesara.com\/?page_id=12\" \/>\n<meta property=\"og:site_name\" content=\"belesara.com\" \/>\n<meta property=\"article:modified_time\" content=\"2024-01-24T13:20:22+00:00\" \/>\n<meta property=\"og:image\" content=\"http:\/\/belesara.com\/wp-content\/uploads\/2021\/11\/image-23.jpg\" \/>\n\t<meta property=\"og:image:width\" content=\"1600\" \/>\n\t<meta property=\"og:image:height\" content=\"800\" \/>\n\t<meta property=\"og:image:type\" content=\"image\/jpeg\" \/>\n<meta name=\"twitter:card\" content=\"summary_large_image\" \/>\n<meta name=\"twitter:label1\" content=\"Dur\u00e9e de lecture estim\u00e9e\" \/>\n\t<meta name=\"twitter:data1\" content=\"1 minute\" \/>\n<script type=\"application\/ld+json\" class=\"yoast-schema-graph\">{\"@context\":\"https:\/\/schema.org\",\"@graph\":[{\"@type\":\"WebPage\",\"@id\":\"https:\/\/belesara.com\/?page_id=12\",\"url\":\"https:\/\/belesara.com\/?page_id=12\",\"name\":\"Annonces R\u00e9centes - belesara.com\",\"isPartOf\":{\"@id\":\"https:\/\/belesara.com\/#website\"},\"primaryImageOfPage\":{\"@id\":\"https:\/\/belesara.com\/?page_id=12#primaryimage\"},\"image\":{\"@id\":\"https:\/\/belesara.com\/?page_id=12#primaryimage\"},\"thumbnailUrl\":\"https:\/\/belesara.com\/wp-content\/uploads\/2021\/11\/image-23.jpg\",\"datePublished\":\"2021-10-19T17:04:27+00:00\",\"dateModified\":\"2024-01-24T13:20:22+00:00\",\"breadcrumb\":{\"@id\":\"https:\/\/belesara.com\/?page_id=12#breadcrumb\"},\"inLanguage\":\"fr-FR\",\"potentialAction\":[{\"@type\":\"ReadAction\",\"target\":[\"https:\/\/belesara.com\/?page_id=12\"]}]},{\"@type\":\"ImageObject\",\"inLanguage\":\"fr-FR\",\"@id\":\"https:\/\/belesara.com\/?page_id=12#primaryimage\",\"url\":\"https:\/\/belesara.com\/wp-content\/uploads\/2021\/11\/image-23.jpg\",\"contentUrl\":\"https:\/\/belesara.com\/wp-content\/uploads\/2021\/11\/image-23.jpg\",\"width\":1600,\"height\":800},{\"@type\":\"BreadcrumbList\",\"@id\":\"https:\/\/belesara.com\/?page_id=12#breadcrumb\",\"itemListElement\":[{\"@type\":\"ListItem\",\"position\":1,\"name\":\"Accueil\",\"item\":\"https:\/\/belesara.com\/\"},{\"@type\":\"ListItem\",\"position\":2,\"name\":\"Annonces R\u00e9centes\"}]},{\"@type\":\"WebSite\",\"@id\":\"https:\/\/belesara.com\/#website\",\"url\":\"https:\/\/belesara.com\/\",\"name\":\"belesara.com\",\"description\":\"\",\"publisher\":{\"@id\":\"https:\/\/belesara.com\/#organization\"},\"potentialAction\":[{\"@type\":\"SearchAction\",\"target\":{\"@type\":\"EntryPoint\",\"urlTemplate\":\"https:\/\/belesara.com\/?s={search_term_string}\"},\"query-input\":\"required name=search_term_string\"}],\"inLanguage\":\"fr-FR\"},{\"@type\":\"Organization\",\"@id\":\"https:\/\/belesara.com\/#organization\",\"name\":\"belesara.com\",\"url\":\"https:\/\/belesara.com\/\",\"logo\":{\"@type\":\"ImageObject\",\"inLanguage\":\"fr-FR\",\"@id\":\"https:\/\/belesara.com\/#\/schema\/logo\/image\/\",\"url\":\"https:\/\/belesara.com\/wp-content\/uploads\/2024\/02\/cropped-LOGO4-1.png\",\"contentUrl\":\"https:\/\/belesara.com\/wp-content\/uploads\/2024\/02\/cropped-LOGO4-1.png\",\"width\":200,\"height\":100,\"caption\":\"belesara.com\"},\"image\":{\"@id\":\"https:\/\/belesara.com\/#\/schema\/logo\/image\/\"}}]}<\/script>\n<!-- \/ Yoast SEO plugin. -->","yoast_head_json":{"title":"Annonces R\u00e9centes - belesara.com","robots":{"index":"index","follow":"follow","max-snippet":"max-snippet:-1","max-image-preview":"max-image-preview:large","max-video-preview":"max-video-preview:-1"},"canonical":"https:\/\/belesara.com\/?page_id=12","og_locale":"fr_FR","og_type":"article","og_title":"Annonces R\u00e9centes - belesara.com","og_url":"https:\/\/belesara.com\/?page_id=12","og_site_name":"belesara.com","article_modified_time":"2024-01-24T13:20:22+00:00","og_image":[{"width":1600,"height":800,"url":"http:\/\/belesara.com\/wp-content\/uploads\/2021\/11\/image-23.jpg","type":"image\/jpeg"}],"twitter_card":"summary_large_image","twitter_misc":{"Dur\u00e9e de lecture estim\u00e9e":"1 minute"},"schema":{"@context":"https:\/\/schema.org","@graph":[{"@type":"WebPage","@id":"https:\/\/belesara.com\/?page_id=12","url":"https:\/\/belesara.com\/?page_id=12","name":"Annonces R\u00e9centes - belesara.com","isPartOf":{"@id":"https:\/\/belesara.com\/#website"},"primaryImageOfPage":{"@id":"https:\/\/belesara.com\/?page_id=12#primaryimage"},"image":{"@id":"https:\/\/belesara.com\/?page_id=12#primaryimage"},"thumbnailUrl":"https:\/\/belesara.com\/wp-content\/uploads\/2021\/11\/image-23.jpg","datePublished":"2021-10-19T17:04:27+00:00","dateModified":"2024-01-24T13:20:22+00:00","breadcrumb":{"@id":"https:\/\/belesara.com\/?page_id=12#breadcrumb"},"inLanguage":"fr-FR","potentialAction":[{"@type":"ReadAction","target":["https:\/\/belesara.com\/?page_id=12"]}]},{"@type":"ImageObject","inLanguage":"fr-FR","@id":"https:\/\/belesara.com\/?page_id=12#primaryimage","url":"https:\/\/belesara.com\/wp-content\/uploads\/2021\/11\/image-23.jpg","contentUrl":"https:\/\/belesara.com\/wp-content\/uploads\/2021\/11\/image-23.jpg","width":1600,"height":800},{"@type":"BreadcrumbList","@id":"https:\/\/belesara.com\/?page_id=12#breadcrumb","itemListElement":[{"@type":"ListItem","position":1,"name":"Accueil","item":"https:\/\/belesara.com\/"},{"@type":"ListItem","position":2,"name":"Annonces R\u00e9centes"}]},{"@type":"WebSite","@id":"https:\/\/belesara.com\/#website","url":"https:\/\/belesara.com\/","name":"belesara.com","description":"","publisher":{"@id":"https:\/\/belesara.com\/#organization"},"potentialAction":[{"@type":"SearchAction","target":{"@type":"EntryPoint","urlTemplate":"https:\/\/belesara.com\/?s={search_term_string}"},"query-input":"required name=search_term_string"}],"inLanguage":"fr-FR"},{"@type":"Organization","@id":"https:\/\/belesara.com\/#organization","name":"belesara.com","url":"https:\/\/belesara.com\/","logo":{"@type":"ImageObject","inLanguage":"fr-FR","@id":"https:\/\/belesara.com\/#\/schema\/logo\/image\/","url":"https:\/\/belesara.com\/wp-content\/uploads\/2024\/02\/cropped-LOGO4-1.png","contentUrl":"https:\/\/belesara.com\/wp-content\/uploads\/2024\/02\/cropped-LOGO4-1.png","width":200,"height":100,"caption":"belesara.com"},"image":{"@id":"https:\/\/belesara.com\/#\/schema\/logo\/image\/"}}]}},"_links":{"self":[{"href":"https:\/\/belesara.com\/index.php?rest_route=\/wp\/v2\/pages\/12"}],"collection":[{"href":"https:\/\/belesara.com\/index.php?rest_route=\/wp\/v2\/pages"}],"about":[{"href":"https:\/\/belesara.com\/index.php?rest_route=\/wp\/v2\/types\/page"}],"author":[{"embeddable":true,"href":"https:\/\/belesara.com\/index.php?rest_route=\/wp\/v2\/users\/1"}],"replies":[{"embeddable":true,"href":"https:\/\/belesara.com\/index.php?rest_route=%2Fwp%2Fv2%2Fcomments&post=12"}],"version-history":[{"count":2,"href":"https:\/\/belesara.com\/index.php?rest_route=\/wp\/v2\/pages\/12\/revisions"}],"predecessor-version":[{"id":266,"href":"https:\/\/belesara.com\/index.php?rest_route=\/wp\/v2\/pages\/12\/revisions\/266"}],"wp:featuredmedia":[{"embeddable":true,"href":"https:\/\/belesara.com\/index.php?rest_route=\/wp\/v2\/media\/108"}],"wp:attachment":[{"href":"https:\/\/belesara.com\/index.php?rest_route=%2Fwp%2Fv2%2Fmedia&parent=12"}],"curies":[{"name":"wp","href":"https:\/\/api.w.org\/{rel}","templated":true}]}}