{"id":191,"date":"2024-01-22T16:35:59","date_gmt":"2024-01-22T15:35:59","guid":{"rendered":"https:\/\/belesara.com\/?page_id=191"},"modified":"2024-02-20T13:18:12","modified_gmt":"2024-02-20T12:18:12","slug":"mentions-legales","status":"publish","type":"page","link":"https:\/\/belesara.com\/?page_id=191","title":{"rendered":"Mentions L\u00e9gales"},"content":{"rendered":"\n<p><strong>1. Informations l\u00e9gales :<\/strong><\/p>\n\n\n\n<p>Nom de la soci\u00e9t\u00e9 : SuivreMonBusiness<\/p>\n\n\n\n<p>Statut juridique : Entreprise individuelle<\/p>\n\n\n\n<p>Adresse du si\u00e8ge social : Pompidou, Libreville, Gabon<\/p>\n\n\n\n<p>Adresse e-mail : contact@suivremonbusiness.com<\/p>\n\n\n\n<p><strong>2. Propri\u00e9t\u00e9 intellectuelle :<\/strong><\/p>\n\n\n\n<p>En publiant des annonces sur Belesara.com, les annonceurs consentent \u00e0 ce que ces derni\u00e8res soient diffus\u00e9es sur la plateforme ainsi que sur tout autre support de Belesara. <\/p>\n\n\n\n<p><strong>3. Protection des donn\u00e9es personnelles :<\/strong><\/p>\n\n\n\n<p>Notre site collecte des donn\u00e9es personnelles dans le cadre de son fonctionnement. Ces donn\u00e9es sont trait\u00e9es conform\u00e9ment \u00e0 notre politique de confidentialit\u00e9 accessible [<a href=\"https:\/\/belesara.com\/?page_id=3\">politique de confidentialit\u00e9<\/a>].<\/p>\n\n\n\n<p><strong>4. Cookies :<\/strong><\/p>\n\n\n\n<p>Notre site utilise des cookies. Pour en savoir plus sur l&rsquo;utilisation des cookies, veuillez consulter notre politique relative aux cookies accessible [<a href=\"https:\/\/belesara.com\/?page_id=3\">politique de confidentialit\u00e9<\/a>].<\/p>\n\n\n\n<p><strong>5. Responsabilit\u00e9 :<\/strong><\/p>\n\n\n\n<p>Belesara d\u00e9cline toute responsabilit\u00e9 quant \u00e0 l&rsquo;utilisation du site et des informations qui y sont fournies. Les utilisateurs sont responsables de l&rsquo;utilisation du site et de son contenu.<\/p>\n\n\n\n<p>De m\u00eame, Belesara peut contenir des liens vers des sites tiers. Nous ne sommes pas responsables du contenu ou des pratiques de confidentialit\u00e9 de ces sites. Consultez les conditions g\u00e9n\u00e9rales de chaque site tiers que vous visitez.<\/p>\n\n\n\n<p><strong>6. Droit applicable :<\/strong><\/p>\n\n\n\n<p>Les pr\u00e9sentes mentions l\u00e9gales sont r\u00e9gies par le droit Gabonais. Tout litige relatif \u00e0 l&rsquo;utilisation du site sera soumis \u00e0 la comp\u00e9tence exclusive des tribunaux.<\/p>\n\n\n\n<p><strong>7. Modification des mentions l\u00e9gales :<\/strong> <\/p>\n\n\n\n<p>Les pr\u00e9sentes mentions l\u00e9gales peuvent \u00eatre modifi\u00e9es \u00e0 tout moment sans pr\u00e9avis. Les utilisateurs sont invit\u00e9s \u00e0 les consulter r\u00e9guli\u00e8rement pour rester inform\u00e9s des mises \u00e0 jour.<\/p>\n\n\n\n<p><strong>8. Contact :<\/strong><\/p>\n\n\n\n<p>Pour toute question concernant les mentions l\u00e9gales, veuillez nous contacter \u00e0 l&rsquo;adresse suivante : <a href=\"mailto:ask@belesara.com\">ask@belesara.com<\/a><\/p>\n\n\n\n<p>Derni\u00e8re mise \u00e0 jour : 18 f\u00e9vrier 2024<\/p>\n","protected":false},"excerpt":{"rendered":"<p>1. Informations l\u00e9gales : Nom de la soci\u00e9t\u00e9 : SuivreMonBusiness Statut juridique : Entreprise individuelle Adresse du si\u00e8ge social : Pompidou, Libreville, Gabon Adresse e-mail : contact@suivremonbusiness.com 2. Propri\u00e9t\u00e9 intellectuelle : En publiant des annonces sur Belesara.com, les annonceurs consentent \u00e0 ce que ces derni\u00e8res soient diffus\u00e9es sur la plateforme ainsi que sur tout autre [&hellip;]<\/p>\n","protected":false},"author":1,"featured_media":111,"parent":0,"menu_order":0,"comment_status":"closed","ping_status":"closed","template":"","meta":{"footnotes":""},"yoast_head":"<!-- This site is optimized with the Yoast SEO plugin v23.0 - https:\/\/yoast.com\/wordpress\/plugins\/seo\/ -->\n<title>Mentions L\u00e9gales - belesara.com<\/title>\n<meta name=\"robots\" content=\"index, follow, max-snippet:-1, max-image-preview:large, max-video-preview:-1\" \/>\n<link rel=\"canonical\" href=\"https:\/\/belesara.com\/?page_id=191\" \/>\n<meta property=\"og:locale\" content=\"fr_FR\" \/>\n<meta property=\"og:type\" content=\"article\" \/>\n<meta property=\"og:title\" content=\"Mentions L\u00e9gales - belesara.com\" \/>\n<meta property=\"og:description\" content=\"1. Informations l\u00e9gales : Nom de la soci\u00e9t\u00e9 : SuivreMonBusiness Statut juridique : Entreprise individuelle Adresse du si\u00e8ge social : Pompidou, Libreville, Gabon Adresse e-mail : contact@suivremonbusiness.com 2. Propri\u00e9t\u00e9 intellectuelle : En publiant des annonces sur Belesara.com, les annonceurs consentent \u00e0 ce que ces derni\u00e8res soient diffus\u00e9es sur la plateforme ainsi que sur tout autre [&hellip;]\" \/>\n<meta property=\"og:url\" content=\"https:\/\/belesara.com\/?page_id=191\" \/>\n<meta property=\"og:site_name\" content=\"belesara.com\" \/>\n<meta property=\"article:modified_time\" content=\"2024-02-20T12:18:12+00:00\" \/>\n<meta property=\"og:image\" content=\"http:\/\/belesara.com\/wp-content\/uploads\/2021\/11\/image-24.jpg\" \/>\n\t<meta property=\"og:image:width\" content=\"1600\" \/>\n\t<meta property=\"og:image:height\" content=\"800\" \/>\n\t<meta property=\"og:image:type\" content=\"image\/jpeg\" \/>\n<meta name=\"twitter:card\" content=\"summary_large_image\" \/>\n<meta name=\"twitter:label1\" content=\"Dur\u00e9e de lecture estim\u00e9e\" \/>\n\t<meta name=\"twitter:data1\" content=\"2 minutes\" \/>\n<script type=\"application\/ld+json\" class=\"yoast-schema-graph\">{\"@context\":\"https:\/\/schema.org\",\"@graph\":[{\"@type\":\"WebPage\",\"@id\":\"https:\/\/belesara.com\/?page_id=191\",\"url\":\"https:\/\/belesara.com\/?page_id=191\",\"name\":\"Mentions L\u00e9gales - belesara.com\",\"isPartOf\":{\"@id\":\"https:\/\/belesara.com\/#website\"},\"primaryImageOfPage\":{\"@id\":\"https:\/\/belesara.com\/?page_id=191#primaryimage\"},\"image\":{\"@id\":\"https:\/\/belesara.com\/?page_id=191#primaryimage\"},\"thumbnailUrl\":\"https:\/\/belesara.com\/wp-content\/uploads\/2021\/11\/image-24.jpg\",\"datePublished\":\"2024-01-22T15:35:59+00:00\",\"dateModified\":\"2024-02-20T12:18:12+00:00\",\"breadcrumb\":{\"@id\":\"https:\/\/belesara.com\/?page_id=191#breadcrumb\"},\"inLanguage\":\"fr-FR\",\"potentialAction\":[{\"@type\":\"ReadAction\",\"target\":[\"https:\/\/belesara.com\/?page_id=191\"]}]},{\"@type\":\"ImageObject\",\"inLanguage\":\"fr-FR\",\"@id\":\"https:\/\/belesara.com\/?page_id=191#primaryimage\",\"url\":\"https:\/\/belesara.com\/wp-content\/uploads\/2021\/11\/image-24.jpg\",\"contentUrl\":\"https:\/\/belesara.com\/wp-content\/uploads\/2021\/11\/image-24.jpg\",\"width\":1600,\"height\":800},{\"@type\":\"BreadcrumbList\",\"@id\":\"https:\/\/belesara.com\/?page_id=191#breadcrumb\",\"itemListElement\":[{\"@type\":\"ListItem\",\"position\":1,\"name\":\"Accueil\",\"item\":\"https:\/\/belesara.com\/\"},{\"@type\":\"ListItem\",\"position\":2,\"name\":\"Mentions L\u00e9gales\"}]},{\"@type\":\"WebSite\",\"@id\":\"https:\/\/belesara.com\/#website\",\"url\":\"https:\/\/belesara.com\/\",\"name\":\"belesara.com\",\"description\":\"\",\"publisher\":{\"@id\":\"https:\/\/belesara.com\/#organization\"},\"potentialAction\":[{\"@type\":\"SearchAction\",\"target\":{\"@type\":\"EntryPoint\",\"urlTemplate\":\"https:\/\/belesara.com\/?s={search_term_string}\"},\"query-input\":\"required name=search_term_string\"}],\"inLanguage\":\"fr-FR\"},{\"@type\":\"Organization\",\"@id\":\"https:\/\/belesara.com\/#organization\",\"name\":\"belesara.com\",\"url\":\"https:\/\/belesara.com\/\",\"logo\":{\"@type\":\"ImageObject\",\"inLanguage\":\"fr-FR\",\"@id\":\"https:\/\/belesara.com\/#\/schema\/logo\/image\/\",\"url\":\"https:\/\/belesara.com\/wp-content\/uploads\/2024\/02\/cropped-LOGO4-1.png\",\"contentUrl\":\"https:\/\/belesara.com\/wp-content\/uploads\/2024\/02\/cropped-LOGO4-1.png\",\"width\":200,\"height\":100,\"caption\":\"belesara.com\"},\"image\":{\"@id\":\"https:\/\/belesara.com\/#\/schema\/logo\/image\/\"}}]}<\/script>\n<!-- \/ Yoast SEO plugin. -->","yoast_head_json":{"title":"Mentions L\u00e9gales - belesara.com","robots":{"index":"index","follow":"follow","max-snippet":"max-snippet:-1","max-image-preview":"max-image-preview:large","max-video-preview":"max-video-preview:-1"},"canonical":"https:\/\/belesara.com\/?page_id=191","og_locale":"fr_FR","og_type":"article","og_title":"Mentions L\u00e9gales - belesara.com","og_description":"1. Informations l\u00e9gales : Nom de la soci\u00e9t\u00e9 : SuivreMonBusiness Statut juridique : Entreprise individuelle Adresse du si\u00e8ge social : Pompidou, Libreville, Gabon Adresse e-mail : contact@suivremonbusiness.com 2. Propri\u00e9t\u00e9 intellectuelle : En publiant des annonces sur Belesara.com, les annonceurs consentent \u00e0 ce que ces derni\u00e8res soient diffus\u00e9es sur la plateforme ainsi que sur tout autre [&hellip;]","og_url":"https:\/\/belesara.com\/?page_id=191","og_site_name":"belesara.com","article_modified_time":"2024-02-20T12:18:12+00:00","og_image":[{"width":1600,"height":800,"url":"http:\/\/belesara.com\/wp-content\/uploads\/2021\/11\/image-24.jpg","type":"image\/jpeg"}],"twitter_card":"summary_large_image","twitter_misc":{"Dur\u00e9e de lecture estim\u00e9e":"2 minutes"},"schema":{"@context":"https:\/\/schema.org","@graph":[{"@type":"WebPage","@id":"https:\/\/belesara.com\/?page_id=191","url":"https:\/\/belesara.com\/?page_id=191","name":"Mentions L\u00e9gales - belesara.com","isPartOf":{"@id":"https:\/\/belesara.com\/#website"},"primaryImageOfPage":{"@id":"https:\/\/belesara.com\/?page_id=191#primaryimage"},"image":{"@id":"https:\/\/belesara.com\/?page_id=191#primaryimage"},"thumbnailUrl":"https:\/\/belesara.com\/wp-content\/uploads\/2021\/11\/image-24.jpg","datePublished":"2024-01-22T15:35:59+00:00","dateModified":"2024-02-20T12:18:12+00:00","breadcrumb":{"@id":"https:\/\/belesara.com\/?page_id=191#breadcrumb"},"inLanguage":"fr-FR","potentialAction":[{"@type":"ReadAction","target":["https:\/\/belesara.com\/?page_id=191"]}]},{"@type":"ImageObject","inLanguage":"fr-FR","@id":"https:\/\/belesara.com\/?page_id=191#primaryimage","url":"https:\/\/belesara.com\/wp-content\/uploads\/2021\/11\/image-24.jpg","contentUrl":"https:\/\/belesara.com\/wp-content\/uploads\/2021\/11\/image-24.jpg","width":1600,"height":800},{"@type":"BreadcrumbList","@id":"https:\/\/belesara.com\/?page_id=191#breadcrumb","itemListElement":[{"@type":"ListItem","position":1,"name":"Accueil","item":"https:\/\/belesara.com\/"},{"@type":"ListItem","position":2,"name":"Mentions L\u00e9gales"}]},{"@type":"WebSite","@id":"https:\/\/belesara.com\/#website","url":"https:\/\/belesara.com\/","name":"belesara.com","description":"","publisher":{"@id":"https:\/\/belesara.com\/#organization"},"potentialAction":[{"@type":"SearchAction","target":{"@type":"EntryPoint","urlTemplate":"https:\/\/belesara.com\/?s={search_term_string}"},"query-input":"required name=search_term_string"}],"inLanguage":"fr-FR"},{"@type":"Organization","@id":"https:\/\/belesara.com\/#organization","name":"belesara.com","url":"https:\/\/belesara.com\/","logo":{"@type":"ImageObject","inLanguage":"fr-FR","@id":"https:\/\/belesara.com\/#\/schema\/logo\/image\/","url":"https:\/\/belesara.com\/wp-content\/uploads\/2024\/02\/cropped-LOGO4-1.png","contentUrl":"https:\/\/belesara.com\/wp-content\/uploads\/2024\/02\/cropped-LOGO4-1.png","width":200,"height":100,"caption":"belesara.com"},"image":{"@id":"https:\/\/belesara.com\/#\/schema\/logo\/image\/"}}]}},"_links":{"self":[{"href":"https:\/\/belesara.com\/index.php?rest_route=\/wp\/v2\/pages\/191"}],"collection":[{"href":"https:\/\/belesara.com\/index.php?rest_route=\/wp\/v2\/pages"}],"about":[{"href":"https:\/\/belesara.com\/index.php?rest_route=\/wp\/v2\/types\/page"}],"author":[{"embeddable":true,"href":"https:\/\/belesara.com\/index.php?rest_route=\/wp\/v2\/users\/1"}],"replies":[{"embeddable":true,"href":"https:\/\/belesara.com\/index.php?rest_route=%2Fwp%2Fv2%2Fcomments&post=191"}],"version-history":[{"count":7,"href":"https:\/\/belesara.com\/index.php?rest_route=\/wp\/v2\/pages\/191\/revisions"}],"predecessor-version":[{"id":424,"href":"https:\/\/belesara.com\/index.php?rest_route=\/wp\/v2\/pages\/191\/revisions\/424"}],"wp:featuredmedia":[{"embeddable":true,"href":"https:\/\/belesara.com\/index.php?rest_route=\/wp\/v2\/media\/111"}],"wp:attachment":[{"href":"https:\/\/belesara.com\/index.php?rest_route=%2Fwp%2Fv2%2Fmedia&parent=191"}],"curies":[{"name":"wp","href":"https:\/\/api.w.org\/{rel}","templated":true}]}}