{"id":365,"date":"2024-02-17T13:07:53","date_gmt":"2024-02-17T12:07:53","guid":{"rendered":"https:\/\/belesara.com\/?page_id=365"},"modified":"2024-12-23T12:07:56","modified_gmt":"2024-12-23T11:07:56","slug":"conditions-generales-de-vente","status":"publish","type":"page","link":"https:\/\/belesara.com\/?page_id=365","title":{"rendered":"Conditions G\u00e9n\u00e9rales de Vente"},"content":{"rendered":"\n<p><strong>1. Champ d&rsquo;application :<\/strong> Les pr\u00e9sentes Conditions G\u00e9n\u00e9rales de Vente r\u00e9gissent les relations contractuelles entre Belesara, et ses clients, ci-apr\u00e8s d\u00e9nomm\u00e9s les \u00ab\u00a0Annonceurs\u00a0\u00bb, dans le cadre de la vente de [produits\/services] par le biais du site web Belesara.com<\/p>\n\n\n\n<p><strong>2. Commandes :<\/strong> Les Annonceurs peuvent passer commande sur le site internet. Toute commande implique l&rsquo;acceptation sans r\u00e9serve des pr\u00e9sentes CGV.<\/p>\n\n\n\n<p><strong>3. Prix :<\/strong> Les prix des produits\/services sont indiqu\u00e9s en XAF (Fcfa) et incluent toutes les taxes applicables. Belesara se r\u00e9serve le droit de modifier le prix de ses prestations \u00e0 tout moment, mais les produits\/services seront factur\u00e9s sur la base des tarifs en vigueur au moment de la validation de la commande.<\/p>\n\n\n\n<p><strong>4. Paiement :<\/strong> Le paiement s&rsquo;effectue en ligne par virements &amp; carte bancaire, ou par Airtel Money, ou sur site (\u00e0 Libreville ou Franceville). La commande sera trait\u00e9e \u00e0 r\u00e9ception du paiement.<\/p>\n\n\n\n<p><strong>5. Contenu des annonces : <\/strong>Si vous soumettez \u00e0 Belesara une annonce jug\u00e9e inappropri\u00e9e (vente de produits illicites, promotion de contenus\/\u00e9v\u00e8nements ill\u00e9gaux ou immoraux), cette derni\u00e8re sera refus\u00e9e et il vous sera impossible de demander un remboursement.<\/p>\n\n\n\n<p><strong>6. Responsabilit\u00e9 :<\/strong> Belesara ne peut \u00eatre tenu responsable des dommages directs ou indirects r\u00e9sultant de l&rsquo;utilisation d&rsquo;un des produits\/services annonc\u00e9s sur la plateforme Belesara.com<\/p>\n\n\n\n<p><strong>7. Propri\u00e9t\u00e9 intellectuelle :<\/strong> Tous les droits de propri\u00e9t\u00e9 intellectuelle sur le site web et son contenu restent la propri\u00e9t\u00e9 de Belesara.<\/p>\n\n\n\n<p><strong>8. Droit applicable et juridiction :<\/strong> Les pr\u00e9sentes CGV sont r\u00e9gies par le droit Gabonais. En cas de litige, la juridiction comp\u00e9tente est celle du lieu o\u00f9 se trouve le si\u00e8ge social de Belesara.<\/p>\n\n\n\n<p><strong>9. Contact :<\/strong> Pour toute question concernant les CGV, veuillez nous contacter \u00e0 l&rsquo;adresse suivante : <a href=\"mailto:ask@belesara.com\">ask@belesara.com<\/a><\/p>\n\n\n\n<p>Derni\u00e8re mise \u00e0 jour : 17 f\u00e9vrier 2024<\/p>\n","protected":false},"excerpt":{"rendered":"<p>1. Champ d&rsquo;application : Les pr\u00e9sentes Conditions G\u00e9n\u00e9rales de Vente r\u00e9gissent les relations contractuelles entre Belesara, et ses clients, ci-apr\u00e8s d\u00e9nomm\u00e9s les \u00ab\u00a0Annonceurs\u00a0\u00bb, dans le cadre de la vente de [produits\/services] par le biais du site web Belesara.com 2. Commandes : Les Annonceurs peuvent passer commande sur le site internet. Toute commande implique l&rsquo;acceptation sans [&hellip;]<\/p>\n","protected":false},"author":1,"featured_media":0,"parent":0,"menu_order":0,"comment_status":"closed","ping_status":"closed","template":"","meta":{"footnotes":""},"yoast_head":"<!-- This site is optimized with the Yoast SEO plugin v23.0 - https:\/\/yoast.com\/wordpress\/plugins\/seo\/ -->\n<title>Conditions G\u00e9n\u00e9rales de Vente - belesara.com<\/title>\n<meta name=\"robots\" content=\"index, follow, max-snippet:-1, max-image-preview:large, max-video-preview:-1\" \/>\n<link rel=\"canonical\" href=\"https:\/\/belesara.com\/?page_id=365\" \/>\n<meta property=\"og:locale\" content=\"fr_FR\" \/>\n<meta property=\"og:type\" content=\"article\" \/>\n<meta property=\"og:title\" content=\"Conditions G\u00e9n\u00e9rales de Vente - belesara.com\" \/>\n<meta property=\"og:description\" content=\"1. Champ d&rsquo;application : Les pr\u00e9sentes Conditions G\u00e9n\u00e9rales de Vente r\u00e9gissent les relations contractuelles entre Belesara, et ses clients, ci-apr\u00e8s d\u00e9nomm\u00e9s les \u00ab\u00a0Annonceurs\u00a0\u00bb, dans le cadre de la vente de [produits\/services] par le biais du site web Belesara.com 2. Commandes : Les Annonceurs peuvent passer commande sur le site internet. Toute commande implique l&rsquo;acceptation sans [&hellip;]\" \/>\n<meta property=\"og:url\" content=\"https:\/\/belesara.com\/?page_id=365\" \/>\n<meta property=\"og:site_name\" content=\"belesara.com\" \/>\n<meta property=\"article:modified_time\" content=\"2024-12-23T11:07:56+00:00\" \/>\n<meta name=\"twitter:card\" content=\"summary_large_image\" \/>\n<meta name=\"twitter:label1\" content=\"Dur\u00e9e de lecture estim\u00e9e\" \/>\n\t<meta name=\"twitter:data1\" content=\"2 minutes\" \/>\n<script type=\"application\/ld+json\" class=\"yoast-schema-graph\">{\"@context\":\"https:\/\/schema.org\",\"@graph\":[{\"@type\":\"WebPage\",\"@id\":\"https:\/\/belesara.com\/?page_id=365\",\"url\":\"https:\/\/belesara.com\/?page_id=365\",\"name\":\"Conditions G\u00e9n\u00e9rales de Vente - belesara.com\",\"isPartOf\":{\"@id\":\"https:\/\/belesara.com\/#website\"},\"datePublished\":\"2024-02-17T12:07:53+00:00\",\"dateModified\":\"2024-12-23T11:07:56+00:00\",\"breadcrumb\":{\"@id\":\"https:\/\/belesara.com\/?page_id=365#breadcrumb\"},\"inLanguage\":\"fr-FR\",\"potentialAction\":[{\"@type\":\"ReadAction\",\"target\":[\"https:\/\/belesara.com\/?page_id=365\"]}]},{\"@type\":\"BreadcrumbList\",\"@id\":\"https:\/\/belesara.com\/?page_id=365#breadcrumb\",\"itemListElement\":[{\"@type\":\"ListItem\",\"position\":1,\"name\":\"Accueil\",\"item\":\"https:\/\/belesara.com\/\"},{\"@type\":\"ListItem\",\"position\":2,\"name\":\"Conditions G\u00e9n\u00e9rales de Vente\"}]},{\"@type\":\"WebSite\",\"@id\":\"https:\/\/belesara.com\/#website\",\"url\":\"https:\/\/belesara.com\/\",\"name\":\"belesara.com\",\"description\":\"\",\"publisher\":{\"@id\":\"https:\/\/belesara.com\/#organization\"},\"potentialAction\":[{\"@type\":\"SearchAction\",\"target\":{\"@type\":\"EntryPoint\",\"urlTemplate\":\"https:\/\/belesara.com\/?s={search_term_string}\"},\"query-input\":\"required name=search_term_string\"}],\"inLanguage\":\"fr-FR\"},{\"@type\":\"Organization\",\"@id\":\"https:\/\/belesara.com\/#organization\",\"name\":\"belesara.com\",\"url\":\"https:\/\/belesara.com\/\",\"logo\":{\"@type\":\"ImageObject\",\"inLanguage\":\"fr-FR\",\"@id\":\"https:\/\/belesara.com\/#\/schema\/logo\/image\/\",\"url\":\"https:\/\/belesara.com\/wp-content\/uploads\/2024\/02\/cropped-LOGO4-1.png\",\"contentUrl\":\"https:\/\/belesara.com\/wp-content\/uploads\/2024\/02\/cropped-LOGO4-1.png\",\"width\":200,\"height\":100,\"caption\":\"belesara.com\"},\"image\":{\"@id\":\"https:\/\/belesara.com\/#\/schema\/logo\/image\/\"}}]}<\/script>\n<!-- \/ Yoast SEO plugin. -->","yoast_head_json":{"title":"Conditions G\u00e9n\u00e9rales de Vente - belesara.com","robots":{"index":"index","follow":"follow","max-snippet":"max-snippet:-1","max-image-preview":"max-image-preview:large","max-video-preview":"max-video-preview:-1"},"canonical":"https:\/\/belesara.com\/?page_id=365","og_locale":"fr_FR","og_type":"article","og_title":"Conditions G\u00e9n\u00e9rales de Vente - belesara.com","og_description":"1. Champ d&rsquo;application : Les pr\u00e9sentes Conditions G\u00e9n\u00e9rales de Vente r\u00e9gissent les relations contractuelles entre Belesara, et ses clients, ci-apr\u00e8s d\u00e9nomm\u00e9s les \u00ab\u00a0Annonceurs\u00a0\u00bb, dans le cadre de la vente de [produits\/services] par le biais du site web Belesara.com 2. Commandes : Les Annonceurs peuvent passer commande sur le site internet. Toute commande implique l&rsquo;acceptation sans [&hellip;]","og_url":"https:\/\/belesara.com\/?page_id=365","og_site_name":"belesara.com","article_modified_time":"2024-12-23T11:07:56+00:00","twitter_card":"summary_large_image","twitter_misc":{"Dur\u00e9e de lecture estim\u00e9e":"2 minutes"},"schema":{"@context":"https:\/\/schema.org","@graph":[{"@type":"WebPage","@id":"https:\/\/belesara.com\/?page_id=365","url":"https:\/\/belesara.com\/?page_id=365","name":"Conditions G\u00e9n\u00e9rales de Vente - belesara.com","isPartOf":{"@id":"https:\/\/belesara.com\/#website"},"datePublished":"2024-02-17T12:07:53+00:00","dateModified":"2024-12-23T11:07:56+00:00","breadcrumb":{"@id":"https:\/\/belesara.com\/?page_id=365#breadcrumb"},"inLanguage":"fr-FR","potentialAction":[{"@type":"ReadAction","target":["https:\/\/belesara.com\/?page_id=365"]}]},{"@type":"BreadcrumbList","@id":"https:\/\/belesara.com\/?page_id=365#breadcrumb","itemListElement":[{"@type":"ListItem","position":1,"name":"Accueil","item":"https:\/\/belesara.com\/"},{"@type":"ListItem","position":2,"name":"Conditions G\u00e9n\u00e9rales de Vente"}]},{"@type":"WebSite","@id":"https:\/\/belesara.com\/#website","url":"https:\/\/belesara.com\/","name":"belesara.com","description":"","publisher":{"@id":"https:\/\/belesara.com\/#organization"},"potentialAction":[{"@type":"SearchAction","target":{"@type":"EntryPoint","urlTemplate":"https:\/\/belesara.com\/?s={search_term_string}"},"query-input":"required name=search_term_string"}],"inLanguage":"fr-FR"},{"@type":"Organization","@id":"https:\/\/belesara.com\/#organization","name":"belesara.com","url":"https:\/\/belesara.com\/","logo":{"@type":"ImageObject","inLanguage":"fr-FR","@id":"https:\/\/belesara.com\/#\/schema\/logo\/image\/","url":"https:\/\/belesara.com\/wp-content\/uploads\/2024\/02\/cropped-LOGO4-1.png","contentUrl":"https:\/\/belesara.com\/wp-content\/uploads\/2024\/02\/cropped-LOGO4-1.png","width":200,"height":100,"caption":"belesara.com"},"image":{"@id":"https:\/\/belesara.com\/#\/schema\/logo\/image\/"}}]}},"_links":{"self":[{"href":"https:\/\/belesara.com\/index.php?rest_route=\/wp\/v2\/pages\/365"}],"collection":[{"href":"https:\/\/belesara.com\/index.php?rest_route=\/wp\/v2\/pages"}],"about":[{"href":"https:\/\/belesara.com\/index.php?rest_route=\/wp\/v2\/types\/page"}],"author":[{"embeddable":true,"href":"https:\/\/belesara.com\/index.php?rest_route=\/wp\/v2\/users\/1"}],"replies":[{"embeddable":true,"href":"https:\/\/belesara.com\/index.php?rest_route=%2Fwp%2Fv2%2Fcomments&post=365"}],"version-history":[{"count":7,"href":"https:\/\/belesara.com\/index.php?rest_route=\/wp\/v2\/pages\/365\/revisions"}],"predecessor-version":[{"id":1157,"href":"https:\/\/belesara.com\/index.php?rest_route=\/wp\/v2\/pages\/365\/revisions\/1157"}],"wp:attachment":[{"href":"https:\/\/belesara.com\/index.php?rest_route=%2Fwp%2Fv2%2Fmedia&parent=365"}],"curies":[{"name":"wp","href":"https:\/\/api.w.org\/{rel}","templated":true}]}}