{"id":448,"date":"2024-02-21T14:34:30","date_gmt":"2024-02-21T13:34:30","guid":{"rendered":"https:\/\/belesara.com\/?post_type=product&#038;p=448"},"modified":"2024-02-27T14:07:07","modified_gmt":"2024-02-27T13:07:07","slug":"validation-dannonce","status":"publish","type":"product","link":"https:\/\/belesara.com\/?product=validation-dannonce","title":{"rendered":"Validation d&rsquo;Annonce"},"content":{"rendered":"<p>Gagnez la confiance des utilisateurs et augmentez vos chances de r\u00e9ussite dans vos transactions. en faisant valider votre annonce par <strong>Belesara<\/strong>.<\/p>\n<p>Lorsqu&rsquo;une annonce est marqu\u00e9e comme \u00ab\u00a0<strong>valid\u00e9e<\/strong>\u00ab\u00a0, cela signifie que notre \u00e9quipe a effectu\u00e9 des v\u00e9rifications approfondies pour s&rsquo;assurer de la v\u00e9racit\u00e9 et du s\u00e9rieux de l&rsquo;annonce. Cela rassure les visiteurs du site et leur indique que l&rsquo;annonce est vraiment s\u00fbre.<\/p>\n<p>Une fois que vous avez atteint la barre des quarante annonces valid\u00e9es, vous obtiendrez le statut d&rsquo;<strong>annonceur valid\u00e9<\/strong>. Ce statut sp\u00e9cial vous conf\u00e8re un avantage suppl\u00e9mentaire : toutes vos annonces seront automatiquement valid\u00e9es. Cela vous permet de gagner du temps et de publier vos annonces en toute confiance, sans avoir \u00e0 attendre chaque validation individuelle.<\/p>\n<p>La validation de votre annonce est un gage de qualit\u00e9 et de s\u00e9rieux pour les utilisateurs de <strong>Belesara<\/strong>. Cela vous permet de vous d\u00e9marquer des autres annonces et d&rsquo;attirer davantage d&rsquo;acheteurs potentiels.<\/p>\n<p style=\"text-align: center;\">____________________________________________________________<\/p>\n<p>Si vous pr\u00e9f\u00e9rez effectuer le paiement par<em><strong> AirtelMoney<\/strong><\/em>, payez la somme correspondant \u00e0 l\u2019offre \u00ab\u00a0Validation d&rsquo;Annonce\u00a0\u00bb au num\u00e9ro ci-contre (les frais de transaction sont \u00e0 votre charge) : +24107016289<\/p>\n<p style=\"text-align: center;\">\n","protected":false},"excerpt":{"rendered":"<p>Gagnez la confiance des utilisateurs et augmentez vos chances de r\u00e9ussite dans vos transactions. en faisant valider votre annonce par Belesara. Lorsqu&rsquo;une annonce est marqu\u00e9e comme \u00ab\u00a0valid\u00e9e\u00ab\u00a0, cela signifie que notre \u00e9quipe a effectu\u00e9 des v\u00e9rifications approfondies pour s&rsquo;assurer de la v\u00e9racit\u00e9 et du s\u00e9rieux de l&rsquo;annonce. Cela rassure les visiteurs du site et leur [&hellip;]<\/p>\n","protected":false},"featured_media":449,"comment_status":"open","ping_status":"closed","template":"","meta":[],"product_cat":[60],"product_tag":[],"yoast_head":"<!-- This site is optimized with the Yoast SEO plugin v23.0 - https:\/\/yoast.com\/wordpress\/plugins\/seo\/ -->\n<title>Validation d&#039;Annonce<\/title>\n<meta name=\"description\" content=\"Belesara vous propose un service unique de validation d&#039;annonces pour garantir la fiabilit\u00e9 et la s\u00e9curit\u00e9 de vos annonces. Notre \u00e9quipe d\u00e9di\u00e9e effectue des v\u00e9rifications approfondies pour chaque annonce, offrant ainsi une exp\u00e9rience de confiance. La validation de votre annonce est un gage de qualit\u00e9 et de s\u00e9rieux, vous permettant de vous d\u00e9marquer des autres annonces et d&#039;attirer davantage d&#039;acheteurs potentiels.\" \/>\n<meta name=\"robots\" content=\"index, follow, max-snippet:-1, max-image-preview:large, max-video-preview:-1\" \/>\n<link rel=\"canonical\" href=\"https:\/\/belesara.com\/?product=validation-dannonce\" \/>\n<meta property=\"og:locale\" content=\"fr_FR\" \/>\n<meta property=\"og:type\" content=\"article\" \/>\n<meta property=\"og:title\" content=\"Validation d&#039;Annonce\" \/>\n<meta property=\"og:description\" content=\"Belesara vous propose un service unique de validation d&#039;annonces pour garantir la fiabilit\u00e9 et la s\u00e9curit\u00e9 de vos annonces. Notre \u00e9quipe d\u00e9di\u00e9e effectue des v\u00e9rifications approfondies pour chaque annonce, offrant ainsi une exp\u00e9rience de confiance. La validation de votre annonce est un gage de qualit\u00e9 et de s\u00e9rieux, vous permettant de vous d\u00e9marquer des autres annonces et d&#039;attirer davantage d&#039;acheteurs potentiels.\" \/>\n<meta property=\"og:url\" content=\"https:\/\/belesara.com\/?product=validation-dannonce\" \/>\n<meta property=\"og:site_name\" content=\"belesara.com\" \/>\n<meta property=\"article:modified_time\" content=\"2024-02-27T13:07:07+00:00\" \/>\n<meta property=\"og:image\" content=\"http:\/\/belesara.com\/wp-content\/uploads\/2024\/02\/validation.png\" \/>\n\t<meta property=\"og:image:width\" content=\"800\" \/>\n\t<meta property=\"og:image:height\" content=\"600\" \/>\n\t<meta property=\"og:image:type\" content=\"image\/png\" \/>\n<meta name=\"twitter:card\" content=\"summary_large_image\" \/>\n<meta name=\"twitter:label1\" content=\"Dur\u00e9e de lecture estim\u00e9e\" \/>\n\t<meta name=\"twitter:data1\" content=\"2 minutes\" \/>\n<script type=\"application\/ld+json\" class=\"yoast-schema-graph\">{\"@context\":\"https:\/\/schema.org\",\"@graph\":[{\"@type\":\"WebPage\",\"@id\":\"https:\/\/belesara.com\/?product=validation-dannonce\",\"url\":\"https:\/\/belesara.com\/?product=validation-dannonce\",\"name\":\"Validation d'Annonce\",\"isPartOf\":{\"@id\":\"https:\/\/belesara.com\/#website\"},\"primaryImageOfPage\":{\"@id\":\"https:\/\/belesara.com\/?product=validation-dannonce#primaryimage\"},\"image\":{\"@id\":\"https:\/\/belesara.com\/?product=validation-dannonce#primaryimage\"},\"thumbnailUrl\":\"https:\/\/belesara.com\/wp-content\/uploads\/2024\/02\/validation.png\",\"datePublished\":\"2024-02-21T13:34:30+00:00\",\"dateModified\":\"2024-02-27T13:07:07+00:00\",\"description\":\"Belesara vous propose un service unique de validation d'annonces pour garantir la fiabilit\u00e9 et la s\u00e9curit\u00e9 de vos annonces. Notre \u00e9quipe d\u00e9di\u00e9e effectue des v\u00e9rifications approfondies pour chaque annonce, offrant ainsi une exp\u00e9rience de confiance. La validation de votre annonce est un gage de qualit\u00e9 et de s\u00e9rieux, vous permettant de vous d\u00e9marquer des autres annonces et d'attirer davantage d'acheteurs potentiels.\",\"breadcrumb\":{\"@id\":\"https:\/\/belesara.com\/?product=validation-dannonce#breadcrumb\"},\"inLanguage\":\"fr-FR\",\"potentialAction\":[{\"@type\":\"ReadAction\",\"target\":[\"https:\/\/belesara.com\/?product=validation-dannonce\"]}]},{\"@type\":\"ImageObject\",\"inLanguage\":\"fr-FR\",\"@id\":\"https:\/\/belesara.com\/?product=validation-dannonce#primaryimage\",\"url\":\"https:\/\/belesara.com\/wp-content\/uploads\/2024\/02\/validation.png\",\"contentUrl\":\"https:\/\/belesara.com\/wp-content\/uploads\/2024\/02\/validation.png\",\"width\":800,\"height\":600},{\"@type\":\"BreadcrumbList\",\"@id\":\"https:\/\/belesara.com\/?product=validation-dannonce#breadcrumb\",\"itemListElement\":[{\"@type\":\"ListItem\",\"position\":1,\"name\":\"Accueil\",\"item\":\"https:\/\/belesara.com\/\"},{\"@type\":\"ListItem\",\"position\":2,\"name\":\"Boutique\",\"item\":\"https:\/\/belesara.com\/?page_id=195\"},{\"@type\":\"ListItem\",\"position\":3,\"name\":\"Validation d&rsquo;Annonce\"}]},{\"@type\":\"WebSite\",\"@id\":\"https:\/\/belesara.com\/#website\",\"url\":\"https:\/\/belesara.com\/\",\"name\":\"belesara.com\",\"description\":\"\",\"publisher\":{\"@id\":\"https:\/\/belesara.com\/#organization\"},\"potentialAction\":[{\"@type\":\"SearchAction\",\"target\":{\"@type\":\"EntryPoint\",\"urlTemplate\":\"https:\/\/belesara.com\/?s={search_term_string}\"},\"query-input\":\"required name=search_term_string\"}],\"inLanguage\":\"fr-FR\"},{\"@type\":\"Organization\",\"@id\":\"https:\/\/belesara.com\/#organization\",\"name\":\"belesara.com\",\"url\":\"https:\/\/belesara.com\/\",\"logo\":{\"@type\":\"ImageObject\",\"inLanguage\":\"fr-FR\",\"@id\":\"https:\/\/belesara.com\/#\/schema\/logo\/image\/\",\"url\":\"https:\/\/belesara.com\/wp-content\/uploads\/2024\/02\/cropped-LOGO4-1.png\",\"contentUrl\":\"https:\/\/belesara.com\/wp-content\/uploads\/2024\/02\/cropped-LOGO4-1.png\",\"width\":200,\"height\":100,\"caption\":\"belesara.com\"},\"image\":{\"@id\":\"https:\/\/belesara.com\/#\/schema\/logo\/image\/\"}}]}<\/script>\n<!-- \/ Yoast SEO plugin. -->","yoast_head_json":{"title":"Validation d'Annonce","description":"Belesara vous propose un service unique de validation d'annonces pour garantir la fiabilit\u00e9 et la s\u00e9curit\u00e9 de vos annonces. Notre \u00e9quipe d\u00e9di\u00e9e effectue des v\u00e9rifications approfondies pour chaque annonce, offrant ainsi une exp\u00e9rience de confiance. La validation de votre annonce est un gage de qualit\u00e9 et de s\u00e9rieux, vous permettant de vous d\u00e9marquer des autres annonces et d'attirer davantage d'acheteurs potentiels.","robots":{"index":"index","follow":"follow","max-snippet":"max-snippet:-1","max-image-preview":"max-image-preview:large","max-video-preview":"max-video-preview:-1"},"canonical":"https:\/\/belesara.com\/?product=validation-dannonce","og_locale":"fr_FR","og_type":"article","og_title":"Validation d'Annonce","og_description":"Belesara vous propose un service unique de validation d'annonces pour garantir la fiabilit\u00e9 et la s\u00e9curit\u00e9 de vos annonces. Notre \u00e9quipe d\u00e9di\u00e9e effectue des v\u00e9rifications approfondies pour chaque annonce, offrant ainsi une exp\u00e9rience de confiance. La validation de votre annonce est un gage de qualit\u00e9 et de s\u00e9rieux, vous permettant de vous d\u00e9marquer des autres annonces et d'attirer davantage d'acheteurs potentiels.","og_url":"https:\/\/belesara.com\/?product=validation-dannonce","og_site_name":"belesara.com","article_modified_time":"2024-02-27T13:07:07+00:00","og_image":[{"width":800,"height":600,"url":"http:\/\/belesara.com\/wp-content\/uploads\/2024\/02\/validation.png","type":"image\/png"}],"twitter_card":"summary_large_image","twitter_misc":{"Dur\u00e9e de lecture estim\u00e9e":"2 minutes"},"schema":{"@context":"https:\/\/schema.org","@graph":[{"@type":"WebPage","@id":"https:\/\/belesara.com\/?product=validation-dannonce","url":"https:\/\/belesara.com\/?product=validation-dannonce","name":"Validation d'Annonce","isPartOf":{"@id":"https:\/\/belesara.com\/#website"},"primaryImageOfPage":{"@id":"https:\/\/belesara.com\/?product=validation-dannonce#primaryimage"},"image":{"@id":"https:\/\/belesara.com\/?product=validation-dannonce#primaryimage"},"thumbnailUrl":"https:\/\/belesara.com\/wp-content\/uploads\/2024\/02\/validation.png","datePublished":"2024-02-21T13:34:30+00:00","dateModified":"2024-02-27T13:07:07+00:00","description":"Belesara vous propose un service unique de validation d'annonces pour garantir la fiabilit\u00e9 et la s\u00e9curit\u00e9 de vos annonces. Notre \u00e9quipe d\u00e9di\u00e9e effectue des v\u00e9rifications approfondies pour chaque annonce, offrant ainsi une exp\u00e9rience de confiance. La validation de votre annonce est un gage de qualit\u00e9 et de s\u00e9rieux, vous permettant de vous d\u00e9marquer des autres annonces et d'attirer davantage d'acheteurs potentiels.","breadcrumb":{"@id":"https:\/\/belesara.com\/?product=validation-dannonce#breadcrumb"},"inLanguage":"fr-FR","potentialAction":[{"@type":"ReadAction","target":["https:\/\/belesara.com\/?product=validation-dannonce"]}]},{"@type":"ImageObject","inLanguage":"fr-FR","@id":"https:\/\/belesara.com\/?product=validation-dannonce#primaryimage","url":"https:\/\/belesara.com\/wp-content\/uploads\/2024\/02\/validation.png","contentUrl":"https:\/\/belesara.com\/wp-content\/uploads\/2024\/02\/validation.png","width":800,"height":600},{"@type":"BreadcrumbList","@id":"https:\/\/belesara.com\/?product=validation-dannonce#breadcrumb","itemListElement":[{"@type":"ListItem","position":1,"name":"Accueil","item":"https:\/\/belesara.com\/"},{"@type":"ListItem","position":2,"name":"Boutique","item":"https:\/\/belesara.com\/?page_id=195"},{"@type":"ListItem","position":3,"name":"Validation d&rsquo;Annonce"}]},{"@type":"WebSite","@id":"https:\/\/belesara.com\/#website","url":"https:\/\/belesara.com\/","name":"belesara.com","description":"","publisher":{"@id":"https:\/\/belesara.com\/#organization"},"potentialAction":[{"@type":"SearchAction","target":{"@type":"EntryPoint","urlTemplate":"https:\/\/belesara.com\/?s={search_term_string}"},"query-input":"required name=search_term_string"}],"inLanguage":"fr-FR"},{"@type":"Organization","@id":"https:\/\/belesara.com\/#organization","name":"belesara.com","url":"https:\/\/belesara.com\/","logo":{"@type":"ImageObject","inLanguage":"fr-FR","@id":"https:\/\/belesara.com\/#\/schema\/logo\/image\/","url":"https:\/\/belesara.com\/wp-content\/uploads\/2024\/02\/cropped-LOGO4-1.png","contentUrl":"https:\/\/belesara.com\/wp-content\/uploads\/2024\/02\/cropped-LOGO4-1.png","width":200,"height":100,"caption":"belesara.com"},"image":{"@id":"https:\/\/belesara.com\/#\/schema\/logo\/image\/"}}]}},"_links":{"self":[{"href":"https:\/\/belesara.com\/index.php?rest_route=\/wp\/v2\/product\/448"}],"collection":[{"href":"https:\/\/belesara.com\/index.php?rest_route=\/wp\/v2\/product"}],"about":[{"href":"https:\/\/belesara.com\/index.php?rest_route=\/wp\/v2\/types\/product"}],"replies":[{"embeddable":true,"href":"https:\/\/belesara.com\/index.php?rest_route=%2Fwp%2Fv2%2Fcomments&post=448"}],"wp:featuredmedia":[{"embeddable":true,"href":"https:\/\/belesara.com\/index.php?rest_route=\/wp\/v2\/media\/449"}],"wp:attachment":[{"href":"https:\/\/belesara.com\/index.php?rest_route=%2Fwp%2Fv2%2Fmedia&parent=448"}],"wp:term":[{"taxonomy":"product_cat","embeddable":true,"href":"https:\/\/belesara.com\/index.php?rest_route=%2Fwp%2Fv2%2Fproduct_cat&post=448"},{"taxonomy":"product_tag","embeddable":true,"href":"https:\/\/belesara.com\/index.php?rest_route=%2Fwp%2Fv2%2Fproduct_tag&post=448"}],"curies":[{"name":"wp","href":"https:\/\/api.w.org\/{rel}","templated":true}]}}